{"id":820,"date":"2024-01-21T23:05:26","date_gmt":"2024-01-22T02:05:26","guid":{"rendered":"https:\/\/engeflex.reyfight.com.br\/?page_id=820"},"modified":"2024-01-21T23:07:09","modified_gmt":"2024-01-22T02:07:09","slug":"politica-de-privacidade","status":"publish","type":"page","link":"https:\/\/www.engeflexdobrasil.com.br\/es\/politica-de-privacidade\/","title":{"rendered":"Pol\u00edtica de Privacidad"},"content":{"rendered":"<div data-elementor-type=\"wp-page\" data-elementor-id=\"820\" class=\"elementor elementor-820\" data-elementor-post-type=\"page\">\n\t\t\t\t<div class=\"elementor-element elementor-element-bacc242 e-flex e-con-boxed e-con e-parent\" data-id=\"bacc242\" data-element_type=\"container\" data-settings=\"{&quot;background_background&quot;:&quot;classic&quot;,&quot;jet_parallax_layout_list&quot;:[]}\">\n\t\t\t\t\t<div class=\"e-con-inner\">\n\t\t<div class=\"elementor-element elementor-element-32c9e6d5 e-flex e-con-boxed e-con e-child\" data-id=\"32c9e6d5\" data-element_type=\"container\" data-settings=\"{&quot;jet_parallax_layout_list&quot;:[]}\">\n\t\t\t\t\t<div class=\"e-con-inner\">\n\t\t\t\t<div class=\"elementor-element elementor-element-3788ec4e elementor-widget elementor-widget-heading\" data-id=\"3788ec4e\" data-element_type=\"widget\" data-widget_type=\"heading.default\">\n\t\t\t\t<div class=\"elementor-widget-container\">\n\t\t\t\t\t<h2 class=\"elementor-heading-title elementor-size-default\">Pol\u00edtica de Privacidad<\/h2>\t\t\t\t<\/div>\n\t\t\t\t<\/div>\n\t\t\t\t<div class=\"elementor-element elementor-element-7bcb29ba elementor-widget elementor-widget-breadcrumbs\" data-id=\"7bcb29ba\" data-element_type=\"widget\" data-widget_type=\"breadcrumbs.default\">\n\t\t\t\t<div class=\"elementor-widget-container\">\n\t\t\t\t\t<p id=\"breadcrumbs\"><span><span class=\"breadcrumb_last\" aria-current=\"page\">Inicio<\/span><\/span><\/p>\t\t\t\t<\/div>\n\t\t\t\t<\/div>\n\t\t\t\t\t<\/div>\n\t\t\t\t<\/div>\n\t\t\t\t\t<\/div>\n\t\t\t\t<\/div>\n\t\t<div class=\"elementor-element elementor-element-368b4545 e-flex e-con-boxed e-con e-parent\" data-id=\"368b4545\" data-element_type=\"container\" data-settings=\"{&quot;jet_parallax_layout_list&quot;:[]}\">\n\t\t\t\t\t<div class=\"e-con-inner\">\n\t\t\t\t<div class=\"elementor-element elementor-element-6518a146 elementor-widget elementor-widget-text-editor\" data-id=\"6518a146\" data-element_type=\"widget\" data-widget_type=\"text-editor.default\">\n\t\t\t\t<div class=\"elementor-widget-container\">\n\t\t\t\t\t\t\t\t\t<p>\u00a0<\/p><h2 dir=\"ltr\">Pol\u00edtica de Privacidade e Prote\u00e7\u00e3o de Dados Pessoais<\/h2><p dir=\"ltr\">\u00a0Seja bem-vindo ao site da Engeflex do Brasil<\/p><h4 dir=\"ltr\">Qual \u00e9 o objetivo desta Pol\u00edtica?<\/h4><p dir=\"ltr\">Esta pol\u00edtica tem por objetivo a prote\u00e7\u00e3o dos dados pessoais daqueles que visitam o site da Engeflex, a qual, ciente da necessidade de prote\u00e7\u00e3o e gerenciamento adequado das informa\u00e7\u00f5es pessoais coletadas, bem como aquelas compartilhadas por nossos clientes, fornecedores, prestadores de servi\u00e7os, parceiros e colaboradores, se preocupa com a sua privacidade e consequentemente protege seus dados pessoais. Al\u00e9m disso, a presente Pol\u00edtica auxiliar\u00e1 a compreens\u00e3o de quais tipos de informa\u00e7\u00f5es podemos coletar, como essas informa\u00e7\u00f5es poder\u00e3o ser utilizadas e com quem as informa\u00e7\u00f5es poder\u00e3o ser compartilhadas, adotando as medidas adequadas para assegurar a prote\u00e7\u00e3o dos dados pessoais, em cumprimento a legisla\u00e7\u00e3o aplic\u00e1vel.<\/p><p dir=\"ltr\">Coletamos seus dados pessoais para viabilizar o desenvolvimento das nossas atividades e, especialmente, para mantermos o bom relacionamento contigo. Estamos cientes de que ao colet\u00e1-los, estar\u00e3o sob nossa responsabilidade, dessa forma, elaboramos essa Pol\u00edtica para lhe informar como seus dados pessoais s\u00e3o tratados e garantir a transpar\u00eancia de todas as a\u00e7\u00f5es que realizamos.<\/p><p dir=\"ltr\">Ressaltamos que n\u00e3o tendo disponibilidade para leitura na \u00edntegra desta Pol\u00edtica, ou caso tenha alguma d\u00favida, estamos \u00e0 disposi\u00e7\u00e3o atrav\u00e9s do e-mail: <a href=\"mailto:marketing@engeflexdobrasil.com.br\" data-cke-saved-href=\"mailto:marketing@engeflexdobrasil.com.br\">marketing@engeflexdobrasil.com.br<\/a><\/p><h4 dir=\"ltr\">Quais termos ou siglas voc\u00ea precisa entender?<\/h4><p dir=\"ltr\">Para o correto entendimento dessa Pol\u00edtica, precisamos que compreenda alguns termos:<\/p><ul><li dir=\"ltr\"><p dir=\"ltr\">N\u00f3s: sempre que utilizamos a express\u00e3o \u201cn\u00f3s\u201d e suas varia\u00e7\u00f5es, estamos nos referindo a empresa que \u00e9 propriet\u00e1ria do site que voc\u00ea est\u00e1 utilizando;<\/p><\/li><li dir=\"ltr\"><p dir=\"ltr\">Dados pessoais: s\u00e3o todas as informa\u00e7\u00f5es relacionadas a voc\u00ea, tanto aquelas informa\u00e7\u00f5es que rapidamente permitem a sua identifica\u00e7\u00e3o (como nome, e-mail ou identidade), como aquelas que indiretamente permitem a sua identifica\u00e7\u00e3o (como endere\u00e7o e protocolo IP).<\/p><\/li><li dir=\"ltr\"><p dir=\"ltr\">Tratamento de dados pessoais: sempre que utilizamos essa express\u00e3o e suas varia\u00e7\u00f5es, estamos nos referindo \u00e0 toda e qualquer a\u00e7\u00e3o que pode ser realizada com os seus dados pessoais (por exemplo: coleta, processamento, difus\u00e3o, acesso, armazenamento, entre outros).<\/p><\/li><li dir=\"ltr\"><p dir=\"ltr\">Finalidade: \u00e9 o prop\u00f3sito para o qual utilizamos os seus dados pessoais, o objetivo da coleta e do tratamento dos dados pessoais.<\/p><\/li><li dir=\"ltr\"><p dir=\"ltr\">LGPD: sigla da Lei Geral de Prote\u00e7\u00e3o de Dados \u2013 legisla\u00e7\u00e3o que orienta e conduz todas as nossas a\u00e7\u00f5es enquanto tratamos seus dados pessoais.<\/p><\/li><\/ul><h4 dir=\"ltr\">Quais dados pessoais coletamos?<\/h4><p dir=\"ltr\">Para o desenvolvimento das nossas atividades e estabelecimento de relacionamento contigo, necessitamos coletar seus dados pessoais, os quais ser\u00e3o fornecidos quando:<\/p><table class=\"\" border=\"1\"><tbody><tr><td><p dir=\"ltr\">Dados coletados<\/p><\/td><td><p dir=\"ltr\">Finalidade<\/p><\/td><td><p dir=\"ltr\">Qual \u00e9 o fundamento legal para a utiliza\u00e7\u00e3o dos seus dados pessoais?<\/p><\/td><\/tr><tr><td><p dir=\"ltr\">Dados Pessoais para Contato<\/p><p dir=\"ltr\">[Nome, e-mail e n\u00famero de telefone]<\/p><\/td><td><p dir=\"ltr\">Atrav\u00e9s do formul\u00e1rio de \u201cContato\u201d utilizamos esses dados quando voc\u00ea manifesta interesse em uma de nossas solu\u00e7\u00f5es e deseja falar conosco.<\/p><\/td><td><p dir=\"ltr\">Consentimento ou Leg\u00edtimo Interesse<\/p><\/td><\/tr><tr><td><p dir=\"ltr\">Dados Pessoais de Candidatos<\/p><br \/><p dir=\"ltr\">[Nome, e-mail, n\u00famero de telefone e demais informa\u00e7\u00f5es profissionais mencionadas em documento encaminhado pelo candidato]<\/p><\/td><td><p dir=\"ltr\">Atrav\u00e9s do formul\u00e1rio \u201cTrabalhe Conosco\u201d no site coleta dados de candidatos interessados em fazer parte da equipe.<\/p><\/td><td><p dir=\"ltr\">Leg\u00edtimo Interesse<\/p><\/td><\/tr><tr><td><p dir=\"ltr\">Dados Pessoais de Navega\u00e7\u00e3o<\/p><\/td><td><p dir=\"ltr\">Dados utilizados para realiza\u00e7\u00e3o de a\u00e7\u00f5es de marketing e publicidade, a partir da an\u00e1lise de quais dos nossos produtos podem interessar a voc\u00ea; disponibilizar conte\u00fados e\/ou servi\u00e7os personalizados de acordo com o seu perfil e suas caracter\u00edsticas; personalizar sua experi\u00eancia enquanto utiliza nosso site; e manter e, em alguns casos (leia a sess\u00e3o \u201ccom quem compartilhamos seus dados pessoais\u201d) compartilhar, dados anal\u00edticos e estat\u00edsticos sobre as visitas e as caracter\u00edsticas dos visitantes do nosso site para que sejam quantificados e acompanhados os resultados da nossa intera\u00e7\u00e3o com voc\u00ea.<\/p><\/td><td><br \/><p dir=\"ltr\">Consentimento, quando se tratar de cookies opcionais.<\/p><br \/><p dir=\"ltr\">Leg\u00edtimo interesse<\/p><\/td><\/tr><\/tbody><\/table><p dir=\"ltr\">Eventualmente, poderemos utilizar seus dados para finalidades n\u00e3o previstas nesta Pol\u00edtica, mas estas estar\u00e3o dentro das suas leg\u00edtimas expectativas. O eventual uso dos seus dados para as finalidades que n\u00e3o cumpram com essa prerrogativa ser\u00e1 feito mediante a sua autoriza\u00e7\u00e3o pr\u00e9via.<\/p><p dir=\"ltr\">Eventualmente, outros tipos de dados n\u00e3o previstos expressamente nesta Pol\u00edtica de Privacidade poder\u00e3o ser coletados, desde que sejam fornecidos com o consentimento do usu\u00e1rio, ou, ainda, que a coleta seja permitida ou imposta por lei.<\/p><p dir=\"ltr\">Utilizamos Cookies?<\/p><p dir=\"ltr\">N\u00f3s utilizamos cookies! Eles s\u00e3o arquivos de texto enviados pelo site ao seu computador\/dispositivo e que nele se armazenam, eles cont\u00eam informa\u00e7\u00f5es relacionadas \u00e0 navega\u00e7\u00e3o do site. Em suma, os cookies s\u00e3o utilizados para aprimorar a experi\u00eancia de uso em nossa p\u00e1gina (conforme o nosso cookie banner).<br \/><br \/>O cookie banner permite que o usu\u00e1rio tenha gest\u00e3o sobre os cookies coletados, podendo consentir ou n\u00e3o com sua utiliza\u00e7\u00e3o, salvo os estritamente necess\u00e1rios para o funcionamento do site. N\u00e3o compartilhamos estes dados com terceiros, al\u00e9m daqueles respons\u00e1veis pelos pr\u00f3prios cookies.<\/p><p dir=\"ltr\">Os dados pessoais s\u00e3o coletados por meio de tecnologias automatizadas, como cookies e web beacons, quando:<\/p><table class=\"\" border=\"1\"><tbody><tr><td><p dir=\"ltr\">Situa\u00e7\u00e3o<\/p><\/td><td><p dir=\"ltr\">Dados pessoais fornecidos<\/p><\/td><\/tr><tr><td rowspan=\"9\"><p dir=\"ltr\">Durante e ap\u00f3s a visita\/utiliza\u00e7\u00e3o do site<\/p><\/td><td><p dir=\"ltr\">Registro de logs<\/p><\/td><\/tr><tr><td><p dir=\"ltr\">Endere\u00e7o IP<\/p><\/td><\/tr><tr><td><p dir=\"ltr\">Localiza\u00e7\u00e3o<\/p><\/td><\/tr><tr><td><p dir=\"ltr\">Identificador de dispositivo m\u00f3vel<\/p><\/td><\/tr><tr><td><p dir=\"ltr\">Informa\u00e7\u00f5es sobre seu equipamento inform\u00e1tico<\/p><\/td><\/tr><tr><td><p dir=\"ltr\">Comportamento de consumo<\/p><\/td><\/tr><tr><td><p dir=\"ltr\">Comportamento de intera\u00e7\u00e3o com os conte\u00fados que disponibilizamos<\/p><\/td><\/tr><tr><td><p dir=\"ltr\">Dura\u00e7\u00e3o da sua visita<\/p><\/td><\/tr><tr><td><p dir=\"ltr\">Informa\u00e7\u00f5es sobre os conte\u00fados que voc\u00ea busca\/procura<\/p><\/td><\/tr><\/tbody><\/table><p dir=\"ltr\">\u00a0<\/p><p dir=\"ltr\">Voc\u00ea pode ajustar suas configura\u00e7\u00f5es de navegador para desabilitar os cookies ou delet\u00e1-los. Caso estejam habilitados, n\u00f3s (e os terceiros previamente mencionados) emitiremos cookies quando voc\u00ea interagir com o nosso site.<\/p><p dir=\"ltr\">No nosso site, utilizamos os seguintes cookies:<\/p><table class=\"\" border=\"1\"><tbody><tr><td><p dir=\"ltr\">Cookie<\/p><\/td><td><p dir=\"ltr\">Dom\u00ednio<\/p><\/td><td><p dir=\"ltr\">Finalidade\u00a0<\/p><\/td><td><p dir=\"ltr\">Descri\u00e7\u00e3o<\/p><\/td><td><p dir=\"ltr\">Dura\u00e7\u00e3o<\/p><\/td><\/tr><tr><td><p dir=\"ltr\">_gcl_au<\/p><\/td><td><p dir=\"ltr\">engeflexdobrasil.com<\/p><\/td><td><p dir=\"ltr\">Analytics<\/p><\/td><td><p dir=\"ltr\">Google Tag Manager sets the cookie to experiment advertisement efficiency of websites using their services.<\/p><\/td><td><p dir=\"ltr\">3 meses<\/p><\/td><\/tr><tr><td><p dir=\"ltr\">test_cookie<\/p><\/td><td><p dir=\"ltr\">engeflexdobrasil.com<\/p><\/td><td><p dir=\"ltr\">Advertisement<\/p><\/td><td><br \/><p dir=\"ltr\">doubleclick.net sets this cookie to determine if the user&#8217;s browser supports cookies.<\/p><\/td><td><p dir=\"ltr\">15 minutos<\/p><\/td><\/tr><tr><td><p dir=\"ltr\">_ga<\/p><\/td><td><p dir=\"ltr\">engeflexdobrasil.com<\/p><\/td><td><p dir=\"ltr\">Analytics<\/p><\/td><td><p dir=\"ltr\">Google Analytics sets this cookie to calculate visitor, session and campaign data and track site usage for the site&#8217;s analytics report. The cookie stores information anonymously and assigns a randomly generated number to recognise unique visitors.<\/p><\/td><td><p dir=\"ltr\">1 ano, 1 m\u00eas e 4 dias<\/p><\/td><\/tr><tr><td><p dir=\"ltr\">_gid<\/p><\/td><td><p dir=\"ltr\">engeflexdobrasil.com<\/p><\/td><td><p dir=\"ltr\">Analytics<\/p><\/td><td><p dir=\"ltr\">Google Analytics sets this cookie to store information on how visitors use a website while also creating an analytics report of the website&#8217;s performance. Some of the collected data includes the number of visitors, their source, and the pages they visit anonymously.<\/p><\/td><td><p dir=\"ltr\">1 dia<\/p><\/td><\/tr><tr><td><p dir=\"ltr\">_gat_gtag_UA_*<\/p><\/td><td><p dir=\"ltr\">engeflexdobrasil.com<\/p><\/td><td><p dir=\"ltr\">Analytics<\/p><\/td><td><br \/><p dir=\"ltr\">Google Analytics sets this cookie to store a unique user ID.<\/p><\/td><td><p dir=\"ltr\">1 minuto<\/p><\/td><\/tr><\/tbody><\/table><p><br \/><br \/><br \/><\/p><h4 dir=\"ltr\">Por quanto tempo armazenamos seus dados pessoais?<\/h4><p dir=\"ltr\">N\u00f3s armazenamos e mantemos suas informa\u00e7\u00f5es at\u00e9 que a finalidade (informa\u00e7\u00f5es no item acima) para a qual foram coletadas seja atingida. Ap\u00f3s a finalidade ser atingida, as informa\u00e7\u00f5es pessoais s\u00e3o eliminadas. No entanto, a qualquer momento voc\u00ea pode solicitar a elimina\u00e7\u00e3o dos dados pessoais, especialmente nos casos em que: a) voc\u00ea decide revogar o consentimento que nos concedeu; b) os dados tratados forem considerados desnecess\u00e1rios ou excessivos; c) quando houver determina\u00e7\u00e3o legal nesse sentido.<\/p><p dir=\"ltr\">Sempre que voc\u00ea pedir a elimina\u00e7\u00e3o dos seus dados pessoais, faremos o poss\u00edvel para atender a sua solicita\u00e7\u00e3o, entretanto, em algumas circunst\u00e2ncias, os dados pessoais n\u00e3o ser\u00e3o eliminados, especialmente nos casos em que os dados pessoais s\u00e3o tratados, porque a pr\u00f3pria Lei assim nos obriga (exemplo: se voc\u00ea pedir a elimina\u00e7\u00e3o do endere\u00e7o IP dentro do per\u00edodo de 6 meses ap\u00f3s a visita\u00e7\u00e3o do nosso site, n\u00e3o poderemos elimin\u00e1-lo porque a Lei nos obriga a armazen\u00e1-lo por 6 meses).<\/p><h4 dir=\"ltr\">Quais medidas utilizamos para garantir a seguran\u00e7a dos seus dados pessoais?<\/h4><p dir=\"ltr\">A partir do momento que coletamos seus dados pessoais, somos integralmente respons\u00e1veis por trat\u00e1-los e armazen\u00e1-los de acordo com r\u00edgidos protocolos de seguran\u00e7a cibern\u00e9tica. Fazem parte das a\u00e7\u00f5es que implementamos para manter seus dados seguros:<\/p><p dir=\"ltr\">a.) prote\u00e7\u00e3o contra acessos n\u00e3o autorizados;<\/p><p dir=\"ltr\">b.) acesso restrito apenas aos colaboradores, fornecedores e parceiros que realmente precisam acess\u00e1-los em raz\u00e3o das fun\u00e7\u00f5es que desenvolvem;<\/p><p dir=\"ltr\">c.) exig\u00eancia por contrato de que todos os nossos colaboradores, fornecedores e parceiros tenham o conhecimento e n\u00edvel adequado de prote\u00e7\u00e3o de dados e atuem em conformidade com a LGPD;<\/p><p dir=\"ltr\">d.) Programa de Privacidade da Informa\u00e7\u00e3o;<\/p><p dir=\"ltr\">e.) Verifica\u00e7\u00f5es de seguran\u00e7a (incluindo testes contra invas\u00f5es hackers) frequentes de nossos sistemas internos de armazenamento;<\/p><p dir=\"ltr\">f.) medidas t\u00e9cnicas complementares e controles automatizados de seguran\u00e7a, baseados nas melhores pr\u00e1ticas de seguran\u00e7a da informa\u00e7\u00e3o, seguindo os padr\u00f5es ISO27001\/27701, NIST e OWASP.<\/p><p dir=\"ltr\">\u00a0<\/p><h4 dir=\"ltr\">Com quem compartilhamos seus dados pessoais?<\/h4><p dir=\"ltr\">As informa\u00e7\u00f5es coletadas s\u00e3o de nosso uso exclusivo para as finalidades aqui referidas, portanto, n\u00e3o ser\u00e3o vendidas a terceiros em qualquer hip\u00f3tese.<\/p><p dir=\"ltr\">No entanto, podemos divulgar os seus dados pessoais na cren\u00e7a de boa f\u00e9 de que tal a\u00e7\u00e3o \u00e9 necess\u00e1ria para:<\/p><ul><li dir=\"ltr\"><p dir=\"ltr\">Conformidade legal. Compreendendo (i) processos e requisi\u00e7\u00f5es legais; (ii) estabelecimento ou exerc\u00edcio de nossos direitos legais ou defesa em processos judiciais; ou (iii) conforme requerido por lei; e<\/p><\/li><li dir=\"ltr\"><p dir=\"ltr\">Presta\u00e7\u00e3o de Servi\u00e7os por Terceiros. Podemos, ainda, atuar em conjunto com outras empresas em diversas atividades para facilitar o nosso servi\u00e7o, para executar servi\u00e7os relacionados ao Site e\/ou evento, ou, ainda, para nos auxiliar na an\u00e1lise de como nosso servi\u00e7o \u00e9 utilizado, a exemplo das empresas que fornecem os cookies que utilizamos em nosso website. Estes recebem seus dados apenas na medida do necess\u00e1rio para a presta\u00e7\u00e3o dos servi\u00e7os contratados. Ressaltamos que nossos contratos s\u00e3o orientados pelas normas de prote\u00e7\u00e3o de dados do ordenamento jur\u00eddico brasileiro, proibindo estes terceiros de divulgar ou usar os dados para qualquer outra finalidade.<\/p><\/li><\/ul><p dir=\"ltr\">Se voc\u00ea quiser mais informa\u00e7\u00f5es sobre o compartilhamento dos seus dados pessoais, n\u00e3o deixe de nos contatar atrav\u00e9s do endere\u00e7o eletr\u00f4nico: <a href=\"mailto:marketing@engeflexdobrasil.com.br\" data-cke-saved-href=\"mailto:marketing@engeflexdobrasil.com.br\">marketing@engeflexdobrasil.com.br<\/a>\u00a0<\/p><p dir=\"ltr\">\u00a0<\/p><p dir=\"ltr\">Seus dados pessoais s\u00e3o transferidos para outros pa\u00edses?<\/p><p dir=\"ltr\">Realizamos transfer\u00eancia internacional dos seus dados pessoais apenas quando contratamos terceiros para que determinados dados sejam armazenados e, especificamente, quando estes terceiros mant\u00eam servidores em outros pa\u00edses. Exigimos contratualmente que estes terceiros adotem padr\u00f5es adequados e aptos para garantir a seguran\u00e7a f\u00edsica e cibern\u00e9tica dos seus dados pessoais e da sua privacidade.<\/p><p dir=\"ltr\">\u00a0<\/p><p dir=\"ltr\">Dados pessoais de menores<\/p><p dir=\"ltr\">N\u00e3o coletamos conscientemente dados de menores de 18 anos. Se voc\u00ea for pai ou respons\u00e1vel de um menor e souber que o menor forneceu seus dados pessoais em nosso website, entre em contato conosco atrav\u00e9s do seguinte endere\u00e7o de e-mail: <a href=\"mailto:marketing@engeflexdobrasil.com.br\" data-cke-saved-href=\"mailto:marketing@engeflexdobrasil.com.br\">marketing@engeflexdobrasil.com.br<\/a>\u00a0<\/p><h4 dir=\"ltr\">Quais s\u00e3o os seus direitos?<\/h4><p dir=\"ltr\">Os Titulares de dados pessoais t\u00eam alguns direitos no que se refere aos seus dados pessoais e podem exerc\u00ea-los a qualquer momento, em cumprimento ao previsto na LGPD,\u00a0 bastando para isso que voc\u00ea envie um e-mail para: marketing@engeflexdobrasil.com.br ou acesse a aba <a href=\"https:\/\/www.mofertec.com.br\/politica-de-privacidade#contato\" data-cke-saved-href=\"https:\/\/www.mofertec.com.br\/politica-de-privacidade#contato\">\u201cContato\u201d<\/a> do site.<\/p><p dir=\"ltr\">\u00a0<\/p><p dir=\"ltr\">S\u00e3o direitos dos titulares:<\/p><p dir=\"ltr\">a.) Confirma\u00e7\u00e3o de que tratamos ou n\u00e3o seus dados pessoais;<\/p><p dir=\"ltr\">b.) Acesso aos seus dados pessoais, caso sejam tratados por n\u00f3s;<\/p><p dir=\"ltr\">c.) Corre\u00e7\u00e3o de dados pessoais incompletos, desatualizados ou inexatos;<\/p><p dir=\"ltr\">d.) Bloqueio, anonimiza\u00e7\u00e3o ou elimina\u00e7\u00e3o de dados pessoais desnecess\u00e1rios ou que voc\u00ea considere que sejam tratados de forma irregular;<\/p><p dir=\"ltr\">e.) Portabilidade dos seus dados pessoais, quando aplic\u00e1vel;<\/p><p dir=\"ltr\">f.) Elimina\u00e7\u00e3o de dados pessoais, ainda que tratados de forma regular;<\/p><p dir=\"ltr\">g.) Informa\u00e7\u00f5es sobre o compartilhamento dos seus dados com outras empresas ou com entidades\/\u00f3rg\u00e3os p\u00fablicos;<\/p><p dir=\"ltr\">h.) Informa\u00e7\u00f5es sobre as consequ\u00eancias de n\u00e3o consentir com determinado tratamento de dados pessoais (exemplo: quando voc\u00ea n\u00e3o aceita nossa configura\u00e7\u00e3o de cookies, tem direito de saber quais as consequ\u00eancias de n\u00e3o aceitar);<\/p><p dir=\"ltr\">i.) Revoga\u00e7\u00e3o do consentimento;<\/p><p dir=\"ltr\">j.) Oposi\u00e7\u00e3o a qualquer tratamento de dados que voc\u00ea considera irregular.<br \/>\u00a0<\/p><p dir=\"ltr\">Respons\u00e1vel pelo tratamento de dados pessoais<\/p><p dir=\"ltr\">Neste site, o respons\u00e1vel pelo tratamento dos dados pessoais coletados \u00e9 a ENGEFLEX DO BRASIL.\u00a0<\/p><p dir=\"ltr\">Encarregado de dados pessoais (Data Protection Officer)<\/p><h4 dir=\"ltr\">Nosso encarregado de dados pessoais \u00e9 a Data Guide &#8211; Consultoria e Solu\u00e7\u00f5es em Prote\u00e7\u00e3o de Dados, pessoa jur\u00eddica de direito privado inscrita no CNPJ sob o n\u00ba 39.317.591\/0001-60, com e-mail: dpo@dataguide.com.br.<\/h4><p dir=\"ltr\">A qualquer momento voc\u00ea pode nos contatar para:<\/p><ul><li dir=\"ltr\"><p dir=\"ltr\">solicitar informa\u00e7\u00f5es;<\/p><\/li><li dir=\"ltr\"><p dir=\"ltr\">atendimento dos seus direitos;<\/p><\/li><li dir=\"ltr\"><p dir=\"ltr\">recomendar sugest\u00f5es.<\/p><\/li><\/ul><p dir=\"ltr\"><br \/>\u00a0<\/p><h4 dir=\"ltr\">Atualiza\u00e7\u00f5es desta Pol\u00edtica<\/h4><p dir=\"ltr\">Reservamo-nos ao direito de atualizar ou modificar esta Pol\u00edtica em qualquer \u00e9poca e sem aviso pr\u00e9vio, visando sempre melhorar a rela\u00e7\u00e3o que temos com voc\u00ea e aprimorar as medidas que implementamos para manter seus dados seguros e seus direitos atendidos, portanto, voc\u00ea \u00e9 nosso convidado para, periodicamente, visitar esta Pol\u00edtica. Ressaltamos que publicaremos sempre a nova vers\u00e3o revisada em nosso site.<\/p>\t\t\t\t\t\t\t\t<\/div>\n\t\t\t\t<\/div>\n\t\t\t\t\t<\/div>\n\t\t\t\t<\/div>\n\t\t\t\t<\/div>","protected":false},"excerpt":{"rendered":"<p>Pol\u00edtica de Privacidade \u00a0 Pol\u00edtica de Privacidade e Prote\u00e7\u00e3o de Dados Pessoais \u00a0Seja bem-vindo ao site da Engeflex do Brasil Qual \u00e9 o objetivo desta Pol\u00edtica? Esta pol\u00edtica tem por objetivo a prote\u00e7\u00e3o dos dados pessoais daqueles que visitam o site da Engeflex, a qual, ciente da necessidade de prote\u00e7\u00e3o e gerenciamento adequado das informa\u00e7\u00f5es [&hellip;]<\/p>","protected":false},"author":1,"featured_media":0,"parent":0,"menu_order":0,"comment_status":"closed","ping_status":"closed","template":"elementor_header_footer","meta":{"inline_featured_image":false,"footnotes":""},"yst_prominent_words":[],"class_list":["post-820","page","type-page","status-publish","hentry"],"_links":{"self":[{"href":"https:\/\/www.engeflexdobrasil.com.br\/es\/wp-json\/wp\/v2\/pages\/820","targetHints":{"allow":["GET"]}}],"collection":[{"href":"https:\/\/www.engeflexdobrasil.com.br\/es\/wp-json\/wp\/v2\/pages"}],"about":[{"href":"https:\/\/www.engeflexdobrasil.com.br\/es\/wp-json\/wp\/v2\/types\/page"}],"author":[{"embeddable":true,"href":"https:\/\/www.engeflexdobrasil.com.br\/es\/wp-json\/wp\/v2\/users\/1"}],"replies":[{"embeddable":true,"href":"https:\/\/www.engeflexdobrasil.com.br\/es\/wp-json\/wp\/v2\/comments?post=820"}],"version-history":[{"count":4,"href":"https:\/\/www.engeflexdobrasil.com.br\/es\/wp-json\/wp\/v2\/pages\/820\/revisions"}],"predecessor-version":[{"id":829,"href":"https:\/\/www.engeflexdobrasil.com.br\/es\/wp-json\/wp\/v2\/pages\/820\/revisions\/829"}],"wp:attachment":[{"href":"https:\/\/www.engeflexdobrasil.com.br\/es\/wp-json\/wp\/v2\/media?parent=820"}],"wp:term":[{"taxonomy":"yst_prominent_words","embeddable":true,"href":"https:\/\/www.engeflexdobrasil.com.br\/es\/wp-json\/wp\/v2\/yst_prominent_words?post=820"}],"curies":[{"name":"wp","href":"https:\/\/api.w.org\/{rel}","templated":true}]}}