{"id":1521,"date":"2024-11-05T09:53:34","date_gmt":"2024-11-05T12:53:34","guid":{"rendered":"https:\/\/www.engeflexdobrasil.com.br\/?page_id=1521"},"modified":"2024-11-05T17:09:47","modified_gmt":"2024-11-05T20:09:47","slug":"news-setembro-e-outubro-2024","status":"publish","type":"page","link":"https:\/\/www.engeflexdobrasil.com.br\/en\/news-setembro-e-outubro-2024\/","title":{"rendered":""},"content":{"rendered":"<div data-elementor-type=\"wp-post\" data-elementor-id=\"1521\" class=\"elementor elementor-1521\" data-elementor-post-type=\"page\">\n\t\t\t\t<div class=\"elementor-element elementor-element-7f6065f e-flex e-con-boxed e-con e-parent\" data-id=\"7f6065f\" data-element_type=\"container\" data-settings=\"{&quot;jet_parallax_layout_list&quot;:[]}\">\n\t\t\t\t\t<div class=\"e-con-inner\">\n\t\t<div class=\"elementor-element elementor-element-4079d61 e-flex e-con-boxed e-con e-child\" data-id=\"4079d61\" data-element_type=\"container\" data-settings=\"{&quot;jet_parallax_layout_list&quot;:[]}\">\n\t\t\t\t\t<div class=\"e-con-inner\">\n\t\t\t\t<div class=\"elementor-element elementor-element-21327cd elementor-widget elementor-widget-heading\" data-id=\"21327cd\" data-element_type=\"widget\" data-widget_type=\"heading.default\">\n\t\t\t\t<div class=\"elementor-widget-container\">\n\t\t\t\t\t<h2 class=\"elementor-heading-title elementor-size-default\">September and October 2024 Updates<\/h2>\t\t\t\t<\/div>\n\t\t\t\t<\/div>\n\t\t\t\t<div class=\"elementor-element elementor-element-4c5fd10 elementor-widget elementor-widget-text-editor\" data-id=\"4c5fd10\" data-element_type=\"widget\" data-widget_type=\"text-editor.default\">\n\t\t\t\t<div class=\"elementor-widget-container\">\n\t\t\t\t\t\t\t\t\t<p><b>Check out the key initiatives carried out in September and October 2024.<\/b><\/p><p>Here, we\u2019ll share the company\u2019s main highlights, including new product launches, participation in major industry events, award wins, and much more.<\/p><p style=\"font-weight: 400;\">Follow us on social media to stay up to date with all the latest news!<\/p>\t\t\t\t\t\t\t\t<\/div>\n\t\t\t\t<\/div>\n\t\t\t\t<div class=\"elementor-element elementor-element-926f647 elementor-position-top elementor-widget elementor-widget-image-box\" data-id=\"926f647\" data-element_type=\"widget\" data-widget_type=\"image-box.default\">\n\t\t\t\t<div class=\"elementor-widget-container\">\n\t\t\t\t\t<div class=\"elementor-image-box-wrapper\"><figure class=\"elementor-image-box-img\"><a href=\"https:\/\/www.instagram.com\/p\/C2ugkYvxSSl\/?img_index=1\" tabindex=\"-1\"><img fetchpriority=\"high\" decoding=\"async\" width=\"1024\" height=\"1024\" src=\"https:\/\/www.engeflexdobrasil.com.br\/wp-content\/uploads\/2024\/11\/01cotiplas-1-1024x1024.jpg\" class=\"attachment-large size-large wp-image-1524\" alt=\"\" srcset=\"https:\/\/www.engeflexdobrasil.com.br\/wp-content\/uploads\/2024\/11\/01cotiplas-1-1024x1024.jpg 1024w, https:\/\/www.engeflexdobrasil.com.br\/wp-content\/uploads\/2024\/11\/01cotiplas-1-300x300.jpg 300w, https:\/\/www.engeflexdobrasil.com.br\/wp-content\/uploads\/2024\/11\/01cotiplas-1-150x150.jpg 150w, https:\/\/www.engeflexdobrasil.com.br\/wp-content\/uploads\/2024\/11\/01cotiplas-1-768x768.jpg 768w, https:\/\/www.engeflexdobrasil.com.br\/wp-content\/uploads\/2024\/11\/01cotiplas-1-12x12.jpg 12w, https:\/\/www.engeflexdobrasil.com.br\/wp-content\/uploads\/2024\/11\/01cotiplas-1.jpg 1080w\" sizes=\"(max-width: 1024px) 100vw, 1024px\" \/><\/a><\/figure><div class=\"elementor-image-box-content\"><h3 class=\"elementor-image-box-title\"><a href=\"https:\/\/www.instagram.com\/p\/C2ugkYvxSSl\/?img_index=1\">COTIPL\u00c1S USES 2024 TREND COLORS<\/a><\/h3><p class=\"elementor-image-box-description\">A <a href=\"https:\/\/www.instagram.com\/cotiplasoficial\/\">@cotiplasoficial<\/a>has released new versions of its toys in some of the 28 trend colors for 2024: Ametista, Bonfim, Sa\u00ed-azul, and Ja\u00e7an\u00e3!<br>Check out the link below to see how amazing they look! Content available in Portuguese.\n<br><br>\n\n\n<a href=\"https:\/\/www.instagram.com\/p\/C3m_dSSMVe5\/\"><b>LEARN MORE<\/b><\/a><\/p><\/div><\/div>\t\t\t\t<\/div>\n\t\t\t\t<\/div>\n\t\t\t\t<div class=\"elementor-element elementor-element-df58aca elementor-widget-divider--view-line elementor-widget elementor-widget-divider\" data-id=\"df58aca\" data-element_type=\"widget\" data-widget_type=\"divider.default\">\n\t\t\t\t<div class=\"elementor-widget-container\">\n\t\t\t\t\t\t\t<div class=\"elementor-divider\">\n\t\t\t<span class=\"elementor-divider-separator\">\n\t\t\t\t\t\t<\/span>\n\t\t<\/div>\n\t\t\t\t\t\t<\/div>\n\t\t\t\t<\/div>\n\t\t\t\t<div class=\"elementor-element elementor-element-1f2dc31 elementor-position-top elementor-widget elementor-widget-image-box\" data-id=\"1f2dc31\" data-element_type=\"widget\" data-widget_type=\"image-box.default\">\n\t\t\t\t<div class=\"elementor-widget-container\">\n\t\t\t\t\t<div class=\"elementor-image-box-wrapper\"><figure class=\"elementor-image-box-img\"><a href=\"https:\/\/drive.google.com\/file\/d\/1mSUL8QB0hfhjxHFFHFzhFDRDhbLPP8MN\/view\" tabindex=\"-1\"><img decoding=\"async\" width=\"1024\" height=\"1024\" src=\"https:\/\/www.engeflexdobrasil.com.br\/wp-content\/uploads\/2024\/11\/02-colortrend-1024x1024.jpg\" class=\"attachment-large size-large wp-image-1525\" alt=\"\" srcset=\"https:\/\/www.engeflexdobrasil.com.br\/wp-content\/uploads\/2024\/11\/02-colortrend-1024x1024.jpg 1024w, https:\/\/www.engeflexdobrasil.com.br\/wp-content\/uploads\/2024\/11\/02-colortrend-300x300.jpg 300w, https:\/\/www.engeflexdobrasil.com.br\/wp-content\/uploads\/2024\/11\/02-colortrend-150x150.jpg 150w, https:\/\/www.engeflexdobrasil.com.br\/wp-content\/uploads\/2024\/11\/02-colortrend-768x768.jpg 768w, https:\/\/www.engeflexdobrasil.com.br\/wp-content\/uploads\/2024\/11\/02-colortrend-12x12.jpg 12w, https:\/\/www.engeflexdobrasil.com.br\/wp-content\/uploads\/2024\/11\/02-colortrend.jpg 1080w\" sizes=\"(max-width: 1024px) 100vw, 1024px\" \/><\/a><\/figure><div class=\"elementor-image-box-content\"><h3 class=\"elementor-image-box-title\"><a href=\"https:\/\/drive.google.com\/file\/d\/1mSUL8QB0hfhjxHFFHFzhFDRDhbLPP8MN\/view\">SPONSORSHIP OF COLOR TREND 2025<\/a><\/h3><p class=\"elementor-image-box-description\">Understanding the importance and influence that trends bring to the market, we are proud sponsors of Color Trend 2025 and would love to share this amazing work by Gabi Matos in partnership with Think Plastic Brazil!\nContent available in Portuguese.\n<br><br>\n\n\n<a href=\"https:\/\/www.instagram.com\/p\/C92Hfm_MnHi\/\"><b>LEARN MORE<\/b><\/a><\/p><\/div><\/div>\t\t\t\t<\/div>\n\t\t\t\t<\/div>\n\t\t\t\t<div class=\"elementor-element elementor-element-a8cd955 elementor-widget-divider--view-line elementor-widget elementor-widget-divider\" data-id=\"a8cd955\" data-element_type=\"widget\" data-widget_type=\"divider.default\">\n\t\t\t\t<div class=\"elementor-widget-container\">\n\t\t\t\t\t\t\t<div class=\"elementor-divider\">\n\t\t\t<span class=\"elementor-divider-separator\">\n\t\t\t\t\t\t<\/span>\n\t\t<\/div>\n\t\t\t\t\t\t<\/div>\n\t\t\t\t<\/div>\n\t\t\t\t<div class=\"elementor-element elementor-element-8c80b0e elementor-position-top elementor-widget elementor-widget-image-box\" data-id=\"8c80b0e\" data-element_type=\"widget\" data-widget_type=\"image-box.default\">\n\t\t\t\t<div class=\"elementor-widget-container\">\n\t\t\t\t\t<div class=\"elementor-image-box-wrapper\"><figure class=\"elementor-image-box-img\"><a href=\"https:\/\/drive.google.com\/file\/d\/1C4rZWg7042B2tWWnWG1e8vIE839761ff\/view\" tabindex=\"-1\"><img decoding=\"async\" width=\"1024\" height=\"1024\" src=\"https:\/\/www.engeflexdobrasil.com.br\/wp-content\/uploads\/2024\/11\/03-pcr-1024x1024.jpg\" class=\"attachment-large size-large wp-image-1526\" alt=\"\" srcset=\"https:\/\/www.engeflexdobrasil.com.br\/wp-content\/uploads\/2024\/11\/03-pcr-1024x1024.jpg 1024w, https:\/\/www.engeflexdobrasil.com.br\/wp-content\/uploads\/2024\/11\/03-pcr-300x300.jpg 300w, https:\/\/www.engeflexdobrasil.com.br\/wp-content\/uploads\/2024\/11\/03-pcr-150x150.jpg 150w, https:\/\/www.engeflexdobrasil.com.br\/wp-content\/uploads\/2024\/11\/03-pcr-768x768.jpg 768w, https:\/\/www.engeflexdobrasil.com.br\/wp-content\/uploads\/2024\/11\/03-pcr-12x12.jpg 12w, https:\/\/www.engeflexdobrasil.com.br\/wp-content\/uploads\/2024\/11\/03-pcr.jpg 1080w\" sizes=\"(max-width: 1024px) 100vw, 1024px\" \/><\/a><\/figure><div class=\"elementor-image-box-content\"><h3 class=\"elementor-image-box-title\"><a href=\"https:\/\/drive.google.com\/file\/d\/1C4rZWg7042B2tWWnWG1e8vIE839761ff\/view\">BEFLEX LINE: PCR BLACK MASTERBATCH<\/a><\/h3><p class=\"elementor-image-box-description\">We have expanded our line with a 100% sustainable Masterbatch derived from Carbon Black, obtained through the reprocessing of end-of-life tires!<br>\nClick the link below to learn more about the Beflex line. Content available in Portuguese.\n<br><br>\n\n\n<a href=\"https:\/\/www.engeflexdobrasil.com.br\/en\/beflex\/\"><b>LEARN MORE<\/b><\/a><\/p><\/div><\/div>\t\t\t\t<\/div>\n\t\t\t\t<\/div>\n\t\t\t\t<div class=\"elementor-element elementor-element-dbb5bb5 elementor-widget elementor-widget-image\" data-id=\"dbb5bb5\" data-element_type=\"widget\" data-widget_type=\"image.default\">\n\t\t\t\t<div class=\"elementor-widget-container\">\n\t\t\t\t\t\t\t\t\t\t\t\t\t\t\t<img loading=\"lazy\" decoding=\"async\" width=\"1022\" height=\"255\" src=\"https:\/\/www.engeflexdobrasil.com.br\/wp-content\/uploads\/2024\/09\/rodape.png\" class=\"attachment-full size-full wp-image-1405\" alt=\"\" srcset=\"https:\/\/www.engeflexdobrasil.com.br\/wp-content\/uploads\/2024\/09\/rodape.png 1022w, https:\/\/www.engeflexdobrasil.com.br\/wp-content\/uploads\/2024\/09\/rodape-300x75.png 300w, https:\/\/www.engeflexdobrasil.com.br\/wp-content\/uploads\/2024\/09\/rodape-768x192.png 768w, https:\/\/www.engeflexdobrasil.com.br\/wp-content\/uploads\/2024\/09\/rodape-18x4.png 18w\" sizes=\"(max-width: 1022px) 100vw, 1022px\" \/>\t\t\t\t\t\t\t\t\t\t\t\t\t\t\t<\/div>\n\t\t\t\t<\/div>\n\t\t\t\t\t<\/div>\n\t\t\t\t<\/div>\n\t\t<div class=\"elementor-element elementor-element-34ca68f e-con-full e-flex e-con e-child\" data-id=\"34ca68f\" data-element_type=\"container\" data-settings=\"{&quot;jet_parallax_layout_list&quot;:[]}\">\n\t\t\t\t<div class=\"elementor-element elementor-element-a45a756 elementor-icon-list--layout-traditional elementor-list-item-link-full_width elementor-widget elementor-widget-icon-list\" data-id=\"a45a756\" data-element_type=\"widget\" data-widget_type=\"icon-list.default\">\n\t\t\t\t<div class=\"elementor-widget-container\">\n\t\t\t\t\t\t\t<ul class=\"elementor-icon-list-items\">\n\t\t\t\t\t\t\t<li class=\"elementor-icon-list-item\">\n\t\t\t\t\t\t\t\t\t\t\t<a href=\"https:\/\/www.engeflexdobrasil.com.br\/en\/news-janeiro-2024\/\">\n\n\t\t\t\t\t\t\t\t\t\t\t\t<span class=\"elementor-icon-list-icon\">\n\t\t\t\t\t\t\t<i aria-hidden=\"true\" class=\"far fa-newspaper\"><\/i>\t\t\t\t\t\t<\/span>\n\t\t\t\t\t\t\t\t\t\t<span class=\"elementor-icon-list-text\">January 2024<\/span>\n\t\t\t\t\t\t\t\t\t\t\t<\/a>\n\t\t\t\t\t\t\t\t\t<\/li>\n\t\t\t\t\t\t\t\t<li class=\"elementor-icon-list-item\">\n\t\t\t\t\t\t\t\t\t\t\t<a href=\"https:\/\/www.engeflexdobrasil.com.br\/en\/news-setembro-e-outubro-2024\/\">\n\n\t\t\t\t\t\t\t\t\t\t\t\t<span class=\"elementor-icon-list-icon\">\n\t\t\t\t\t\t\t<i aria-hidden=\"true\" class=\"far fa-newspaper\"><\/i>\t\t\t\t\t\t<\/span>\n\t\t\t\t\t\t\t\t\t\t<span class=\"elementor-icon-list-text\">September 2024<\/span>\n\t\t\t\t\t\t\t\t\t\t\t<\/a>\n\t\t\t\t\t\t\t\t\t<\/li>\n\t\t\t\t\t\t<\/ul>\n\t\t\t\t\t\t<\/div>\n\t\t\t\t<\/div>\n\t\t\t\t<\/div>\n\t\t\t\t\t<\/div>\n\t\t\t\t<\/div>\n\t\t\t\t<\/div>","protected":false},"excerpt":{"rendered":"<p>Novidades de Setembro e Outubro de 2024 Confira as principais a\u00e7\u00f5es realizadas nos meses de Setembro e Outubro de 2024. Compartilharemos por aqui as principais a\u00e7\u00f5es realizadas pela empresa, como lan\u00e7amentos de novos produtos, participa\u00e7\u00e3o em eventos importantes do setor, conquistas de pr\u00eamios e muito mais. Acompanhe nossas redes sociais para n\u00e3o perder nenhuma novidade! [&hellip;]<\/p>","protected":false},"author":2,"featured_media":1404,"parent":0,"menu_order":0,"comment_status":"closed","ping_status":"closed","template":"","meta":{"inline_featured_image":false,"footnotes":""},"yst_prominent_words":[],"class_list":["post-1521","page","type-page","status-publish","has-post-thumbnail","hentry"],"_links":{"self":[{"href":"https:\/\/www.engeflexdobrasil.com.br\/en\/wp-json\/wp\/v2\/pages\/1521","targetHints":{"allow":["GET"]}}],"collection":[{"href":"https:\/\/www.engeflexdobrasil.com.br\/en\/wp-json\/wp\/v2\/pages"}],"about":[{"href":"https:\/\/www.engeflexdobrasil.com.br\/en\/wp-json\/wp\/v2\/types\/page"}],"author":[{"embeddable":true,"href":"https:\/\/www.engeflexdobrasil.com.br\/en\/wp-json\/wp\/v2\/users\/2"}],"replies":[{"embeddable":true,"href":"https:\/\/www.engeflexdobrasil.com.br\/en\/wp-json\/wp\/v2\/comments?post=1521"}],"version-history":[{"count":14,"href":"https:\/\/www.engeflexdobrasil.com.br\/en\/wp-json\/wp\/v2\/pages\/1521\/revisions"}],"predecessor-version":[{"id":1573,"href":"https:\/\/www.engeflexdobrasil.com.br\/en\/wp-json\/wp\/v2\/pages\/1521\/revisions\/1573"}],"wp:featuredmedia":[{"embeddable":true,"href":"https:\/\/www.engeflexdobrasil.com.br\/en\/wp-json\/wp\/v2\/media\/1404"}],"wp:attachment":[{"href":"https:\/\/www.engeflexdobrasil.com.br\/en\/wp-json\/wp\/v2\/media?parent=1521"}],"wp:term":[{"taxonomy":"yst_prominent_words","embeddable":true,"href":"https:\/\/www.engeflexdobrasil.com.br\/en\/wp-json\/wp\/v2\/yst_prominent_words?post=1521"}],"curies":[{"name":"wp","href":"https:\/\/api.w.org\/{rel}","templated":true}]}}