{"id":1399,"date":"2024-09-03T14:26:50","date_gmt":"2024-09-03T17:26:50","guid":{"rendered":"https:\/\/www.engeflexdobrasil.com.br\/?page_id=1399"},"modified":"2024-11-05T17:10:36","modified_gmt":"2024-11-05T20:10:36","slug":"news-janeiro-2024","status":"publish","type":"page","link":"https:\/\/www.engeflexdobrasil.com.br\/en\/news-janeiro-2024\/","title":{"rendered":""},"content":{"rendered":"<div data-elementor-type=\"wp-post\" data-elementor-id=\"1399\" class=\"elementor elementor-1399\" data-elementor-post-type=\"page\">\n\t\t\t\t<div class=\"elementor-element elementor-element-7f6065f e-flex e-con-boxed e-con e-parent\" data-id=\"7f6065f\" data-element_type=\"container\" data-settings=\"{&quot;jet_parallax_layout_list&quot;:[]}\">\n\t\t\t\t\t<div class=\"e-con-inner\">\n\t\t<div class=\"elementor-element elementor-element-4079d61 e-flex e-con-boxed e-con e-child\" data-id=\"4079d61\" data-element_type=\"container\" data-settings=\"{&quot;jet_parallax_layout_list&quot;:[]}\">\n\t\t\t\t\t<div class=\"e-con-inner\">\n\t\t\t\t<div class=\"elementor-element elementor-element-21327cd elementor-widget elementor-widget-heading\" data-id=\"21327cd\" data-element_type=\"widget\" data-widget_type=\"heading.default\">\n\t\t\t\t<div class=\"elementor-widget-container\">\n\t\t\t\t\t<h2 class=\"elementor-heading-title elementor-size-default\">Novidades de Janeiro e Fevereiro de 2024<\/h2>\t\t\t\t<\/div>\n\t\t\t\t<\/div>\n\t\t\t\t<div class=\"elementor-element elementor-element-4c5fd10 elementor-widget elementor-widget-text-editor\" data-id=\"4c5fd10\" data-element_type=\"widget\" data-widget_type=\"text-editor.default\">\n\t\t\t\t<div class=\"elementor-widget-container\">\n\t\t\t\t\t\t\t\t\t<p><b>Confira as principais a\u00e7\u00f5es realizadas nos meses de janeiro\/fevereiro.<\/b><\/p><p>Here, we\u2019ll share the company\u2019s main highlights, including new product launches, participation in major industry events, award wins, and much more.<\/p><p style=\"font-weight: 400;\">Follow us on social media to stay up to date with all the latest news!<\/p>\t\t\t\t\t\t\t\t<\/div>\n\t\t\t\t<\/div>\n\t\t\t\t<div class=\"elementor-element elementor-element-926f647 elementor-position-top elementor-widget elementor-widget-image-box\" data-id=\"926f647\" data-element_type=\"widget\" data-widget_type=\"image-box.default\">\n\t\t\t\t<div class=\"elementor-widget-container\">\n\t\t\t\t\t<div class=\"elementor-image-box-wrapper\"><figure class=\"elementor-image-box-img\"><a href=\"https:\/\/www.instagram.com\/p\/C2ugkYvxSSl\/?img_index=1\" tabindex=\"-1\"><img fetchpriority=\"high\" decoding=\"async\" width=\"1024\" height=\"1024\" src=\"https:\/\/www.engeflexdobrasil.com.br\/wp-content\/uploads\/2024\/09\/enge1-1024x1024.jpg\" class=\"attachment-large size-large wp-image-1402\" alt=\"\" srcset=\"https:\/\/www.engeflexdobrasil.com.br\/wp-content\/uploads\/2024\/09\/enge1-1024x1024.jpg 1024w, https:\/\/www.engeflexdobrasil.com.br\/wp-content\/uploads\/2024\/09\/enge1-300x300.jpg 300w, https:\/\/www.engeflexdobrasil.com.br\/wp-content\/uploads\/2024\/09\/enge1-150x150.jpg 150w, https:\/\/www.engeflexdobrasil.com.br\/wp-content\/uploads\/2024\/09\/enge1-768x768.jpg 768w, https:\/\/www.engeflexdobrasil.com.br\/wp-content\/uploads\/2024\/09\/enge1-12x12.jpg 12w, https:\/\/www.engeflexdobrasil.com.br\/wp-content\/uploads\/2024\/09\/enge1.jpg 1080w\" sizes=\"(max-width: 1024px) 100vw, 1024px\" \/><\/a><\/figure><div class=\"elementor-image-box-content\"><h3 class=\"elementor-image-box-title\"><a href=\"https:\/\/www.instagram.com\/p\/C2ugkYvxSSl\/?img_index=1\">Feira Ambiente<\/a><\/h3><p class=\"elementor-image-box-description\">Sendo a principal feira internacional de bens de consumo, a Ambiente acompanha todas as mudan\u00e7as no mercado. E como expositor, a Think Plastic Brazil levou nossa marca para o espa\u00e7o Color Trend.<br>\nConfira, no link abaixo, como foi a nossa participa\u00e7\u00e3o!\n<br><br>\n\n\n<a href=\"https:\/\/www.instagram.com\/p\/C2ugkYvxSSl\/?img_index=1\"><b>LEARN MORE<\/b><\/a><\/p><\/div><\/div>\t\t\t\t<\/div>\n\t\t\t\t<\/div>\n\t\t\t\t<div class=\"elementor-element elementor-element-df58aca elementor-widget-divider--view-line elementor-widget elementor-widget-divider\" data-id=\"df58aca\" data-element_type=\"widget\" data-widget_type=\"divider.default\">\n\t\t\t\t<div class=\"elementor-widget-container\">\n\t\t\t\t\t\t\t<div class=\"elementor-divider\">\n\t\t\t<span class=\"elementor-divider-separator\">\n\t\t\t\t\t\t<\/span>\n\t\t<\/div>\n\t\t\t\t\t\t<\/div>\n\t\t\t\t<\/div>\n\t\t\t\t<div class=\"elementor-element elementor-element-1f2dc31 elementor-position-top elementor-widget elementor-widget-image-box\" data-id=\"1f2dc31\" data-element_type=\"widget\" data-widget_type=\"image-box.default\">\n\t\t\t\t<div class=\"elementor-widget-container\">\n\t\t\t\t\t<div class=\"elementor-image-box-wrapper\"><figure class=\"elementor-image-box-img\"><a href=\"https:\/\/drive.google.com\/file\/d\/1mSUL8QB0hfhjxHFFHFzhFDRDhbLPP8MN\/view\" tabindex=\"-1\"><img decoding=\"async\" width=\"1024\" height=\"746\" src=\"https:\/\/www.engeflexdobrasil.com.br\/wp-content\/uploads\/2024\/09\/Screenshot-2024-09-03-at-14.24.42-1024x746.png\" class=\"attachment-large size-large wp-image-1403\" alt=\"\" srcset=\"https:\/\/www.engeflexdobrasil.com.br\/wp-content\/uploads\/2024\/09\/Screenshot-2024-09-03-at-14.24.42-1024x746.png 1024w, https:\/\/www.engeflexdobrasil.com.br\/wp-content\/uploads\/2024\/09\/Screenshot-2024-09-03-at-14.24.42-300x218.png 300w, https:\/\/www.engeflexdobrasil.com.br\/wp-content\/uploads\/2024\/09\/Screenshot-2024-09-03-at-14.24.42-768x559.png 768w, https:\/\/www.engeflexdobrasil.com.br\/wp-content\/uploads\/2024\/09\/Screenshot-2024-09-03-at-14.24.42-16x12.png 16w, https:\/\/www.engeflexdobrasil.com.br\/wp-content\/uploads\/2024\/09\/Screenshot-2024-09-03-at-14.24.42.png 1266w\" sizes=\"(max-width: 1024px) 100vw, 1024px\" \/><\/a><\/figure><div class=\"elementor-image-box-content\"><h3 class=\"elementor-image-box-title\"><a href=\"https:\/\/drive.google.com\/file\/d\/1mSUL8QB0hfhjxHFFHFzhFDRDhbLPP8MN\/view\">Plantio de \u00c1rvores<\/a><\/h3><p class=\"elementor-image-box-description\">Plantar uma \u00e1rvore \u00e9 zelar pelo amanh\u00e3, e \u00e9 nossa responsabilidade, como empresa que tem a preserva\u00e7\u00e3o do meio ambiente como um de seus princ\u00edpios, envolver cada vez mais pessoas nessa nobre iniciativa!\n<br><br>\n\n\n<a href=\"https:\/\/drive.google.com\/file\/d\/1mSUL8QB0hfhjxHFFHFzhFDRDhbLPP8MN\/view\"><b>LEARN MORE<\/b><\/a><\/p><\/div><\/div>\t\t\t\t<\/div>\n\t\t\t\t<\/div>\n\t\t\t\t<div class=\"elementor-element elementor-element-a8cd955 elementor-widget-divider--view-line elementor-widget elementor-widget-divider\" data-id=\"a8cd955\" data-element_type=\"widget\" data-widget_type=\"divider.default\">\n\t\t\t\t<div class=\"elementor-widget-container\">\n\t\t\t\t\t\t\t<div class=\"elementor-divider\">\n\t\t\t<span class=\"elementor-divider-separator\">\n\t\t\t\t\t\t<\/span>\n\t\t<\/div>\n\t\t\t\t\t\t<\/div>\n\t\t\t\t<\/div>\n\t\t\t\t<div class=\"elementor-element elementor-element-8c80b0e elementor-position-top elementor-widget elementor-widget-image-box\" data-id=\"8c80b0e\" data-element_type=\"widget\" data-widget_type=\"image-box.default\">\n\t\t\t\t<div class=\"elementor-widget-container\">\n\t\t\t\t\t<div class=\"elementor-image-box-wrapper\"><figure class=\"elementor-image-box-img\"><a href=\"https:\/\/drive.google.com\/file\/d\/1C4rZWg7042B2tWWnWG1e8vIE839761ff\/view\" tabindex=\"-1\"><img decoding=\"async\" width=\"972\" height=\"972\" src=\"https:\/\/www.engeflexdobrasil.com.br\/wp-content\/uploads\/2024\/09\/beflex.jpg\" class=\"attachment-large size-large wp-image-1404\" alt=\"\" srcset=\"https:\/\/www.engeflexdobrasil.com.br\/wp-content\/uploads\/2024\/09\/beflex.jpg 972w, https:\/\/www.engeflexdobrasil.com.br\/wp-content\/uploads\/2024\/09\/beflex-300x300.jpg 300w, https:\/\/www.engeflexdobrasil.com.br\/wp-content\/uploads\/2024\/09\/beflex-150x150.jpg 150w, https:\/\/www.engeflexdobrasil.com.br\/wp-content\/uploads\/2024\/09\/beflex-768x768.jpg 768w, https:\/\/www.engeflexdobrasil.com.br\/wp-content\/uploads\/2024\/09\/beflex-12x12.jpg 12w\" sizes=\"(max-width: 972px) 100vw, 972px\" \/><\/a><\/figure><div class=\"elementor-image-box-content\"><h3 class=\"elementor-image-box-title\"><a href=\"https:\/\/drive.google.com\/file\/d\/1C4rZWg7042B2tWWnWG1e8vIE839761ff\/view\">Linha Sustent\u00e1vel: Beflex<\/a><\/h3><p class=\"elementor-image-box-description\">Conceito que permite repensar a forma de desenvolver e comercializar produtos de forma sustent\u00e1vel!\nClique no link abaixo e saiba mais sobre a linha Beflex.\n<br><br>\n\n\n<a href=\"https:\/\/drive.google.com\/file\/d\/1C4rZWg7042B2tWWnWG1e8vIE839761ff\/view\"><b>LEARN MORE<\/b><\/a><\/p><\/div><\/div>\t\t\t\t<\/div>\n\t\t\t\t<\/div>\n\t\t\t\t<div class=\"elementor-element elementor-element-dbb5bb5 elementor-widget elementor-widget-image\" data-id=\"dbb5bb5\" data-element_type=\"widget\" data-widget_type=\"image.default\">\n\t\t\t\t<div class=\"elementor-widget-container\">\n\t\t\t\t\t\t\t\t\t\t\t\t\t\t\t<img loading=\"lazy\" decoding=\"async\" width=\"1022\" height=\"255\" src=\"https:\/\/www.engeflexdobrasil.com.br\/wp-content\/uploads\/2024\/09\/rodape.png\" class=\"attachment-full size-full wp-image-1405\" alt=\"\" srcset=\"https:\/\/www.engeflexdobrasil.com.br\/wp-content\/uploads\/2024\/09\/rodape.png 1022w, https:\/\/www.engeflexdobrasil.com.br\/wp-content\/uploads\/2024\/09\/rodape-300x75.png 300w, https:\/\/www.engeflexdobrasil.com.br\/wp-content\/uploads\/2024\/09\/rodape-768x192.png 768w, https:\/\/www.engeflexdobrasil.com.br\/wp-content\/uploads\/2024\/09\/rodape-18x4.png 18w\" sizes=\"(max-width: 1022px) 100vw, 1022px\" \/>\t\t\t\t\t\t\t\t\t\t\t\t\t\t\t<\/div>\n\t\t\t\t<\/div>\n\t\t\t\t\t<\/div>\n\t\t\t\t<\/div>\n\t\t<div class=\"elementor-element elementor-element-34ca68f e-con-full e-flex e-con e-child\" data-id=\"34ca68f\" data-element_type=\"container\" data-settings=\"{&quot;jet_parallax_layout_list&quot;:[]}\">\n\t\t\t\t<div class=\"elementor-element elementor-element-a45a756 elementor-icon-list--layout-traditional elementor-list-item-link-full_width elementor-widget elementor-widget-icon-list\" data-id=\"a45a756\" data-element_type=\"widget\" data-widget_type=\"icon-list.default\">\n\t\t\t\t<div class=\"elementor-widget-container\">\n\t\t\t\t\t\t\t<ul class=\"elementor-icon-list-items\">\n\t\t\t\t\t\t\t<li class=\"elementor-icon-list-item\">\n\t\t\t\t\t\t\t\t\t\t\t<a href=\"https:\/\/www.engeflexdobrasil.com.br\/en\/news-janeiro-2024\/\">\n\n\t\t\t\t\t\t\t\t\t\t\t\t<span class=\"elementor-icon-list-icon\">\n\t\t\t\t\t\t\t<i aria-hidden=\"true\" class=\"far fa-newspaper\"><\/i>\t\t\t\t\t\t<\/span>\n\t\t\t\t\t\t\t\t\t\t<span class=\"elementor-icon-list-text\">January 2024<\/span>\n\t\t\t\t\t\t\t\t\t\t\t<\/a>\n\t\t\t\t\t\t\t\t\t<\/li>\n\t\t\t\t\t\t\t\t<li class=\"elementor-icon-list-item\">\n\t\t\t\t\t\t\t\t\t\t\t<a href=\"https:\/\/www.engeflexdobrasil.com.br\/en\/news-setembro-e-outubro-2024\/\">\n\n\t\t\t\t\t\t\t\t\t\t\t\t<span class=\"elementor-icon-list-icon\">\n\t\t\t\t\t\t\t<i aria-hidden=\"true\" class=\"far fa-newspaper\"><\/i>\t\t\t\t\t\t<\/span>\n\t\t\t\t\t\t\t\t\t\t<span class=\"elementor-icon-list-text\">September 2024<\/span>\n\t\t\t\t\t\t\t\t\t\t\t<\/a>\n\t\t\t\t\t\t\t\t\t<\/li>\n\t\t\t\t\t\t<\/ul>\n\t\t\t\t\t\t<\/div>\n\t\t\t\t<\/div>\n\t\t\t\t<\/div>\n\t\t\t\t\t<\/div>\n\t\t\t\t<\/div>\n\t\t\t\t<\/div>","protected":false},"excerpt":{"rendered":"<p>Novidades de Janeiro e Fevereiro de 2024 Confira as principais a\u00e7\u00f5es realizadas nos meses de janeiro\/fevereiro. Compartilharemos por aqui as principais a\u00e7\u00f5es realizadas pela empresa, como lan\u00e7amentos de novos produtos, participa\u00e7\u00e3o em eventos importantes do setor, conquistas de pr\u00eamios e muito mais. Acompanhe nossas redes sociais para n\u00e3o perder nenhuma novidade! Feira Ambiente Sendo a [&hellip;]<\/p>","protected":false},"author":2,"featured_media":1404,"parent":0,"menu_order":0,"comment_status":"closed","ping_status":"closed","template":"","meta":{"inline_featured_image":false,"footnotes":""},"yst_prominent_words":[],"class_list":["post-1399","page","type-page","status-publish","has-post-thumbnail","hentry"],"_links":{"self":[{"href":"https:\/\/www.engeflexdobrasil.com.br\/en\/wp-json\/wp\/v2\/pages\/1399","targetHints":{"allow":["GET"]}}],"collection":[{"href":"https:\/\/www.engeflexdobrasil.com.br\/en\/wp-json\/wp\/v2\/pages"}],"about":[{"href":"https:\/\/www.engeflexdobrasil.com.br\/en\/wp-json\/wp\/v2\/types\/page"}],"author":[{"embeddable":true,"href":"https:\/\/www.engeflexdobrasil.com.br\/en\/wp-json\/wp\/v2\/users\/2"}],"replies":[{"embeddable":true,"href":"https:\/\/www.engeflexdobrasil.com.br\/en\/wp-json\/wp\/v2\/comments?post=1399"}],"version-history":[{"count":68,"href":"https:\/\/www.engeflexdobrasil.com.br\/en\/wp-json\/wp\/v2\/pages\/1399\/revisions"}],"predecessor-version":[{"id":1576,"href":"https:\/\/www.engeflexdobrasil.com.br\/en\/wp-json\/wp\/v2\/pages\/1399\/revisions\/1576"}],"wp:featuredmedia":[{"embeddable":true,"href":"https:\/\/www.engeflexdobrasil.com.br\/en\/wp-json\/wp\/v2\/media\/1404"}],"wp:attachment":[{"href":"https:\/\/www.engeflexdobrasil.com.br\/en\/wp-json\/wp\/v2\/media?parent=1399"}],"wp:term":[{"taxonomy":"yst_prominent_words","embeddable":true,"href":"https:\/\/www.engeflexdobrasil.com.br\/en\/wp-json\/wp\/v2\/yst_prominent_words?post=1399"}],"curies":[{"name":"wp","href":"https:\/\/api.w.org\/{rel}","templated":true}]}}